{"id":49,"date":"2022-12-06T02:30:14","date_gmt":"2022-12-06T02:30:14","guid":{"rendered":"https:\/\/new.mphconsultorias.com\/?page_id=49"},"modified":"2022-12-06T02:43:40","modified_gmt":"2022-12-06T02:43:40","slug":"empresa","status":"publish","type":"page","link":"https:\/\/new.mphconsultorias.com\/?page_id=49","title":{"rendered":"Empresa"},"content":{"rendered":"\t\t<div data-elementor-type=\"wp-page\" data-elementor-id=\"49\" class=\"elementor elementor-49\">\n\t\t\t\t\t\t\t\t\t<section class=\"elementor-section elementor-top-section elementor-element elementor-element-3ebdd4e0 elementor-section-content-middle elementor-section-boxed elementor-section-height-default elementor-section-height-default\" data-id=\"3ebdd4e0\" data-element_type=\"section\">\n\t\t\t\t\t\t<div class=\"elementor-container elementor-column-gap-no\">\n\t\t\t\t\t<div class=\"elementor-column elementor-col-100 elementor-top-column elementor-element elementor-element-53e30de8\" data-id=\"53e30de8\" data-element_type=\"column\">\n\t\t\t<div class=\"elementor-widget-wrap elementor-element-populated\">\n\t\t\t\t\t\t\t\t<div class=\"elementor-element elementor-element-7373b91e elementor-widget elementor-widget-image\" data-id=\"7373b91e\" data-element_type=\"widget\" data-widget_type=\"image.default\">\n\t\t\t\t<div class=\"elementor-widget-container\">\n\t\t\t<style>\/*! elementor - v3.9.1 - 14-12-2022 *\/\n.elementor-widget-image{text-align:center}.elementor-widget-image a{display:inline-block}.elementor-widget-image a img[src$=\".svg\"]{width:48px}.elementor-widget-image img{vertical-align:middle;display:inline-block}<\/style>\t\t\t\t\t\t\t\t\t\t\t\t<img decoding=\"async\" width=\"1150\" height=\"426\" src=\"https:\/\/new.mphconsultorias.com\/wp-content\/uploads\/2022\/12\/foto-empresa.gif\" class=\"attachment-full size-full wp-image-24\" alt=\"\" loading=\"lazy\" \/>\t\t\t\t\t\t\t\t\t\t\t\t\t\t\t<\/div>\n\t\t\t\t<\/div>\n\t\t\t\t<section class=\"elementor-section elementor-inner-section elementor-element elementor-element-7bdc180c elementor-section-boxed elementor-section-height-default elementor-section-height-default\" data-id=\"7bdc180c\" data-element_type=\"section\">\n\t\t\t\t\t\t<div class=\"elementor-container elementor-column-gap-default\">\n\t\t\t\t\t<div class=\"elementor-column elementor-col-100 elementor-inner-column elementor-element elementor-element-709bfb70\" data-id=\"709bfb70\" data-element_type=\"column\">\n\t\t\t<div class=\"elementor-widget-wrap elementor-element-populated\">\n\t\t\t\t\t\t\t\t<div class=\"elementor-element elementor-element-1c692700 elementor-widget elementor-widget-text-editor\" data-id=\"1c692700\" data-element_type=\"widget\" data-widget_type=\"text-editor.default\">\n\t\t\t\t<div class=\"elementor-widget-container\">\n\t\t\t<style>\/*! elementor - v3.9.1 - 14-12-2022 *\/\n.elementor-widget-text-editor.elementor-drop-cap-view-stacked .elementor-drop-cap{background-color:#818a91;color:#fff}.elementor-widget-text-editor.elementor-drop-cap-view-framed .elementor-drop-cap{color:#818a91;border:3px solid;background-color:transparent}.elementor-widget-text-editor:not(.elementor-drop-cap-view-default) .elementor-drop-cap{margin-top:8px}.elementor-widget-text-editor:not(.elementor-drop-cap-view-default) .elementor-drop-cap-letter{width:1em;height:1em}.elementor-widget-text-editor .elementor-drop-cap{float:left;text-align:center;line-height:1;font-size:50px}.elementor-widget-text-editor .elementor-drop-cap-letter{display:inline-block}<\/style>\t\t\t\t<p class=\"western\" align=\"JUSTIFY\"><span style=\"font-family: Times New Roman, serif;\"><span style=\"color: #000000;\"><span style=\"font-family: Arial, serif;\"><span lang=\"es-CR\"><b>MPH Consultor\u00edas Hoteleras S.A.<\/b><\/span><\/span><\/span><span style=\"color: #000000;\"><span style=\"font-family: Arial, serif;\"><span lang=\"es-CR\"> somos un grupo interdisciplinario de consultores, asesores, proveedores de servicios de coaching y consultor\u00eda empresarial orientados al sector turismo, tanto a nivel de empresa como a nivel personal, ofreciendo a nuestros clientes herramientas y soluciones modernas que garanticen la satisfacci\u00f3n del cliente, impartidas por medio de un grupo de profesionales, altamente calificado, con experiencia en los diferentes temas que nos competen y que trabajan en aportar soluciones innovadoras y adaptadas para cada cliente en particular, con lo cual logramos participar directamente en la mejora continua de su empresa y adapt\u00e1ndonos a sus necesidades.<\/span><\/span><\/span><\/span><\/p><p class=\"western\" align=\"JUSTIFY\"><span style=\"font-family: Times New Roman, serif;\"><span style=\"font-family: Arial, serif;\">MPH significa \u201cMejores Pr\u00e1cticas Hoteleras\u201d y esto se logra, no con base a las estructuras o las pol\u00edticas empresariales (eso es parte del entorno laboral) \u2026 Se logra con base al mejoramiento continuo y el sentido de pertenencia de cada persona que labora para la instituci\u00f3n. Es por esta raz\u00f3n que MPH se avoca a trabajar con el personal de los hoteles dando motivaci\u00f3n y a la vez inducci\u00f3n en sus quehaceres diarios, siendo la \u00fanica empresa, que muestra en sus capacitaciones una dualidad en el servicio directo, al personal y al hotel.<\/span><\/span><\/p><p align=\"JUSTIFY\"><img decoding=\"async\" loading=\"lazy\" class=\"alignnone size-full wp-image-64\" src=\"https:\/\/new.mphconsultorias.com\/wp-content\/uploads\/2022\/12\/MPH-turismo.png\" alt=\"\" width=\"142\" height=\"142\" \/> <img decoding=\"async\" loading=\"lazy\" class=\"alignnone size-full wp-image-63\" src=\"https:\/\/new.mphconsultorias.com\/wp-content\/uploads\/2022\/12\/mph-COACHING.png\" alt=\"\" width=\"142\" height=\"142\" \/><\/p>\t\t\t\t\t\t<\/div>\n\t\t\t\t<\/div>\n\t\t\t\t\t<\/div>\n\t\t<\/div>\n\t\t\t\t\t\t\t<\/div>\n\t\t<\/section>\n\t\t\t\t\t<\/div>\n\t\t<\/div>\n\t\t\t\t\t\t\t<\/div>\n\t\t<\/section>\n\t\t\t\t\t\t\t<\/div>\n\t\t","protected":false},"excerpt":{"rendered":"<p>MPH Consultor\u00edas Hoteleras S.A. somos un grupo interdisciplinario de consultores, asesores, proveedores de servicios de coaching y consultor\u00eda empresarial orientados al sector turismo, tanto a nivel de empresa como a nivel personal, ofreciendo a nuestros clientes herramientas y soluciones modernas que garanticen la satisfacci\u00f3n del cliente, impartidas por medio de un grupo de profesionales, altamente &hellip;<\/p>\n<p class=\"read-more\"> <a class=\"\" href=\"https:\/\/new.mphconsultorias.com\/?page_id=49\"> <span class=\"screen-reader-text\">Empresa<\/span> Leer m\u00e1s \u00bb<\/a><\/p>\n","protected":false},"author":1,"featured_media":0,"parent":0,"menu_order":0,"comment_status":"closed","ping_status":"closed","template":"","meta":{"site-sidebar-layout":"no-sidebar","site-content-layout":"page-builder","ast-global-header-display":"","ast-main-header-display":"","ast-hfb-above-header-display":"","ast-hfb-below-header-display":"","ast-hfb-mobile-header-display":"","site-post-title":"disabled","ast-breadcrumbs-content":"","ast-featured-img":"disabled","footer-sml-layout":"","theme-transparent-header-meta":"","adv-header-id-meta":"","stick-header-meta":"","header-above-stick-meta":"","header-main-stick-meta":"","header-below-stick-meta":""},"_links":{"self":[{"href":"https:\/\/new.mphconsultorias.com\/index.php?rest_route=\/wp\/v2\/pages\/49"}],"collection":[{"href":"https:\/\/new.mphconsultorias.com\/index.php?rest_route=\/wp\/v2\/pages"}],"about":[{"href":"https:\/\/new.mphconsultorias.com\/index.php?rest_route=\/wp\/v2\/types\/page"}],"author":[{"embeddable":true,"href":"https:\/\/new.mphconsultorias.com\/index.php?rest_route=\/wp\/v2\/users\/1"}],"replies":[{"embeddable":true,"href":"https:\/\/new.mphconsultorias.com\/index.php?rest_route=%2Fwp%2Fv2%2Fcomments&post=49"}],"version-history":[{"count":14,"href":"https:\/\/new.mphconsultorias.com\/index.php?rest_route=\/wp\/v2\/pages\/49\/revisions"}],"predecessor-version":[{"id":69,"href":"https:\/\/new.mphconsultorias.com\/index.php?rest_route=\/wp\/v2\/pages\/49\/revisions\/69"}],"wp:attachment":[{"href":"https:\/\/new.mphconsultorias.com\/index.php?rest_route=%2Fwp%2Fv2%2Fmedia&parent=49"}],"curies":[{"name":"wp","href":"https:\/\/api.w.org\/{rel}","templated":true}]}}